{"id":399,"date":"2024-01-19T15:32:18","date_gmt":"2024-01-19T14:32:18","guid":{"rendered":"https:\/\/inhale.hu\/?page_id=399"},"modified":"2024-01-20T11:13:02","modified_gmt":"2024-01-20T10:13:02","slug":"araink","status":"publish","type":"page","link":"https:\/\/inhale.hu\/en\/araink\/","title":{"rendered":"Our prices"},"content":{"rendered":"<div data-elementor-type=\"wp-page\" data-elementor-id=\"399\" class=\"elementor elementor-399\" data-elementor-post-type=\"page\">\n\t\t\t\t\t\t\t<div class=\"elementor-element elementor-element-569d650 e-con-full e-flex e-con e-parent\" data-id=\"569d650\" data-element_type=\"container\" data-settings=\"{&quot;content_width&quot;:&quot;full&quot;,&quot;background_background&quot;:&quot;classic&quot;}\">\n\t\t\t\t<div class=\"elementor-element elementor-element-558dc9c elementor-widget elementor-widget-spacer\" data-id=\"558dc9c\" data-element_type=\"widget\" data-widget_type=\"spacer.default\">\n\t\t\t\t<div class=\"elementor-widget-container\">\n\t\t\t<style>\/*! elementor - v3.16.0 - 16-08-2023 *\/\n.elementor-column .elementor-spacer-inner{height:var(--spacer-size)}.e-con{--container-widget-width:100%}.e-con-inner>.elementor-widget-spacer,.e-con>.elementor-widget-spacer{width:var(--container-widget-width,var(--spacer-size));--align-self:var(--container-widget-align-self,initial);--flex-shrink:0}.e-con-inner>.elementor-widget-spacer>.elementor-widget-container,.e-con>.elementor-widget-spacer>.elementor-widget-container{height:100%;width:100%}.e-con-inner>.elementor-widget-spacer>.elementor-widget-container>.elementor-spacer,.e-con>.elementor-widget-spacer>.elementor-widget-container>.elementor-spacer{height:100%}.e-con-inner>.elementor-widget-spacer>.elementor-widget-container>.elementor-spacer>.elementor-spacer-inner,.e-con>.elementor-widget-spacer>.elementor-widget-container>.elementor-spacer>.elementor-spacer-inner{height:var(--container-widget-height,var(--spacer-size))}.e-con-inner>.elementor-widget-spacer.elementor-widget-empty,.e-con>.elementor-widget-spacer.elementor-widget-empty{position:relative;min-height:22px;min-width:22px}.e-con-inner>.elementor-widget-spacer.elementor-widget-empty .elementor-widget-empty-icon,.e-con>.elementor-widget-spacer.elementor-widget-empty .elementor-widget-empty-icon{position:absolute;top:0;bottom:0;left:0;right:0;margin:auto;padding:0;width:22px;height:22px}<\/style>\t\t<div class=\"elementor-spacer\">\n\t\t\t<div class=\"elementor-spacer-inner\"><\/div>\n\t\t<\/div>\n\t\t\t\t<\/div>\n\t\t\t\t<\/div>\n\t\t\t\t<\/div>\n\t\t<div class=\"elementor-element elementor-element-5bf81f2 e-flex e-con-boxed e-con e-parent\" data-id=\"5bf81f2\" data-element_type=\"container\" data-settings=\"{&quot;background_background&quot;:&quot;classic&quot;,&quot;content_width&quot;:&quot;boxed&quot;}\">\n\t\t\t\t\t<div class=\"e-con-inner\">\n\t\t<div class=\"elementor-element elementor-element-2f31727 e-flex e-con-boxed e-con e-child\" data-id=\"2f31727\" data-element_type=\"container\" data-settings=\"{&quot;content_width&quot;:&quot;boxed&quot;}\">\n\t\t\t\t\t<div class=\"e-con-inner\">\n\t\t\t\t<div class=\"elementor-element elementor-element-e5764f2 elementor-widget elementor-widget-heading\" data-id=\"e5764f2\" data-element_type=\"widget\" data-widget_type=\"heading.default\">\n\t\t\t\t<div class=\"elementor-widget-container\">\n\t\t\t<style>\/*! elementor - v3.16.0 - 16-08-2023 *\/\n.elementor-heading-title{padding:0;margin:0;line-height:1}.elementor-widget-heading .elementor-heading-title[class*=elementor-size-]>a{color:inherit;font-size:inherit;line-height:inherit}.elementor-widget-heading .elementor-heading-title.elementor-size-small{font-size:15px}.elementor-widget-heading .elementor-heading-title.elementor-size-medium{font-size:19px}.elementor-widget-heading .elementor-heading-title.elementor-size-large{font-size:29px}.elementor-widget-heading .elementor-heading-title.elementor-size-xl{font-size:39px}.elementor-widget-heading .elementor-heading-title.elementor-size-xxl{font-size:59px}<\/style><h2 class=\"elementor-heading-title elementor-size-default\">Our prices<\/h2>\t\t<\/div>\n\t\t\t\t<\/div>\n\t\t<div class=\"elementor-element elementor-element-8b84a71 e-flex e-con-boxed e-con e-child\" data-id=\"8b84a71\" data-element_type=\"container\" data-settings=\"{&quot;content_width&quot;:&quot;boxed&quot;}\">\n\t\t\t\t\t<div class=\"e-con-inner\">\n\t\t<div class=\"elementor-element elementor-element-a81d1f3 e-flex e-con-boxed e-con e-child\" data-id=\"a81d1f3\" data-element_type=\"container\" data-settings=\"{&quot;background_background&quot;:&quot;classic&quot;,&quot;content_width&quot;:&quot;boxed&quot;}\">\n\t\t\t\t\t<div class=\"e-con-inner\">\n\t\t\t\t<div class=\"elementor-element elementor-element-e524f18 elementor-widget elementor-widget-spacer\" data-id=\"e524f18\" data-element_type=\"widget\" data-widget_type=\"spacer.default\">\n\t\t\t\t<div class=\"elementor-widget-container\">\n\t\t\t\t\t<div class=\"elementor-spacer\">\n\t\t\t<div class=\"elementor-spacer-inner\"><\/div>\n\t\t<\/div>\n\t\t\t\t<\/div>\n\t\t\t\t<\/div>\n\t\t\t\t\t<\/div>\n\t\t\t\t<\/div>\n\t\t<div class=\"elementor-element elementor-element-4c11f00 e-con-full e-flex e-con e-child\" data-id=\"4c11f00\" data-element_type=\"container\" data-settings=\"{&quot;content_width&quot;:&quot;full&quot;}\">\n\t\t\t\t<div class=\"elementor-element elementor-element-d4e7caf elementor-widget elementor-widget-text-editor\" data-id=\"d4e7caf\" data-element_type=\"widget\" data-widget_type=\"text-editor.default\">\n\t\t\t\t<div class=\"elementor-widget-container\">\n\t\t\t<style>\/*! elementor - v3.16.0 - 16-08-2023 *\/\n.elementor-widget-text-editor.elementor-drop-cap-view-stacked .elementor-drop-cap{background-color:#69727d;color:#fff}.elementor-widget-text-editor.elementor-drop-cap-view-framed .elementor-drop-cap{color:#69727d;border:3px solid;background-color:transparent}.elementor-widget-text-editor:not(.elementor-drop-cap-view-default) .elementor-drop-cap{margin-top:8px}.elementor-widget-text-editor:not(.elementor-drop-cap-view-default) .elementor-drop-cap-letter{width:1em;height:1em}.elementor-widget-text-editor .elementor-drop-cap{float:left;text-align:center;line-height:1;font-size:50px}.elementor-widget-text-editor .elementor-drop-cap-letter{display:inline-block}<\/style>\t\t\t\t<h4 data-pm-slice=\"1 1 []\">Group lessons:<\/h4><p data-pm-slice=\"1 1 []\">1 session - HUF 9,000<br \/>5 session pass - HUF 42,000<br \/>10 session pass - HUF 75,000<\/p><h4>Private lessons:<\/h4><p>1 session for 1 person - HUF 30,000\/person<br \/>1 session for 2 people - HUF 18,000\/person<br \/>1 session for 3 people - HUF 15,000\/person<\/p><h4>Gift vouchers:<\/h4><p>Please, inquire in person at the studio<\/p><p><strong>Our English-language classes are available at Wallner Anik\u00f3's.<\/strong><\/p>\t\t\t\t\t\t<\/div>\n\t\t\t\t<\/div>\n\t\t\t\t<\/div>\n\t\t\t\t\t<\/div>\n\t\t\t\t<\/div>\n\t\t\t\t\t<\/div>\n\t\t\t\t<\/div>\n\t\t\t\t\t<\/div>\n\t\t\t\t<\/div>\n\t\t\t\t\t\t\t<\/div>","protected":false},"excerpt":{"rendered":"<p>\u00c1raink Csoportos \u00f3r\u00e1k: 1 alkalom &#8211; 9.000 Ft5 alkalmas b\u00e9rlet &#8211; 42.000 Ft10 alkalmas b\u00e9rlet &#8211; 75.000 Ft Priv\u00e1t \u00f3r\u00e1k: 1 alkalom 1 f\u0151 eset\u00e9n &#8211; 30.000 Ft\/f\u01511 alkalom 2 f\u0151 eset\u00e9n &#8211; 18.000 Ft\/f\u01511 alkalom 3 f\u0151 eset\u00e9n &#8211; 15.000 Ft\/f\u0151 Aj\u00e1nd\u00e9kutalv\u00e1ny: K\u00e9rj\u00fck, \u00e9rdekl\u0151dj szem\u00e9lyesen a Studi\u00f3ban! Angol nyelv\u0171 \u00f3r\u00e1ink Wallner Anik\u00f3n\u00e1l el\u00e9rhet\u0151ek!<\/p>","protected":false},"author":2,"featured_media":0,"parent":0,"menu_order":0,"comment_status":"closed","ping_status":"closed","template":"elementor_header_footer","meta":{"inline_featured_image":false,"footnotes":""},"yoast_head":"<!-- This site is optimized with the Yoast SEO plugin v21.2 - https:\/\/yoast.com\/wordpress\/plugins\/seo\/ -->\n<title>\u00c1raink - Inhale Pilates Studio<\/title>\n<meta name=\"robots\" content=\"index, follow, max-snippet:-1, max-image-preview:large, max-video-preview:-1\" \/>\n<link rel=\"canonical\" href=\"https:\/\/inhale.hu\/en\/araink\/\" \/>\n<meta property=\"og:locale\" content=\"en_GB\" \/>\n<meta property=\"og:type\" content=\"article\" \/>\n<meta property=\"og:title\" content=\"\u00c1raink - Inhale Pilates Studio\" \/>\n<meta property=\"og:description\" content=\"\u00c1raink Csoportos \u00f3r\u00e1k: 1 alkalom &#8211; 9.000 Ft5 alkalmas b\u00e9rlet &#8211; 42.000 Ft10 alkalmas b\u00e9rlet &#8211; 75.000 Ft Priv\u00e1t \u00f3r\u00e1k: 1 alkalom 1 f\u0151 eset\u00e9n &#8211; 30.000 Ft\/f\u01511 alkalom 2 f\u0151 eset\u00e9n &#8211; 18.000 Ft\/f\u01511 alkalom 3 f\u0151 eset\u00e9n &#8211; 15.000 Ft\/f\u0151 Aj\u00e1nd\u00e9kutalv\u00e1ny: K\u00e9rj\u00fck, \u00e9rdekl\u0151dj szem\u00e9lyesen a Studi\u00f3ban! Angol nyelv\u0171 \u00f3r\u00e1ink Wallner Anik\u00f3n\u00e1l el\u00e9rhet\u0151ek!\" \/>\n<meta property=\"og:url\" content=\"https:\/\/inhale.hu\/en\/araink\/\" \/>\n<meta property=\"og:site_name\" content=\"Inhale Pilates Studio\" \/>\n<meta property=\"article:modified_time\" content=\"2024-01-20T10:13:02+00:00\" \/>\n<meta name=\"twitter:card\" content=\"summary_large_image\" \/>\n<meta name=\"twitter:label1\" content=\"Estimated reading time\" \/>\n\t<meta name=\"twitter:data1\" content=\"1 minute\" \/>\n<script type=\"application\/ld+json\" class=\"yoast-schema-graph\">{\"@context\":\"https:\/\/schema.org\",\"@graph\":[{\"@type\":\"WebPage\",\"@id\":\"https:\/\/inhale.hu\/araink\/\",\"url\":\"https:\/\/inhale.hu\/araink\/\",\"name\":\"\u00c1raink - Inhale Pilates Studio\",\"isPartOf\":{\"@id\":\"https:\/\/inhale.hu\/#website\"},\"datePublished\":\"2024-01-19T14:32:18+00:00\",\"dateModified\":\"2024-01-20T10:13:02+00:00\",\"breadcrumb\":{\"@id\":\"https:\/\/inhale.hu\/araink\/#breadcrumb\"},\"inLanguage\":\"en-GB\",\"potentialAction\":[{\"@type\":\"ReadAction\",\"target\":[\"https:\/\/inhale.hu\/araink\/\"]}]},{\"@type\":\"BreadcrumbList\",\"@id\":\"https:\/\/inhale.hu\/araink\/#breadcrumb\",\"itemListElement\":[{\"@type\":\"ListItem\",\"position\":1,\"name\":\"Home\",\"item\":\"https:\/\/inhale.hu\/\"},{\"@type\":\"ListItem\",\"position\":2,\"name\":\"\u00c1raink\"}]},{\"@type\":\"WebSite\",\"@id\":\"https:\/\/inhale.hu\/#website\",\"url\":\"https:\/\/inhale.hu\/\",\"name\":\"Inhale Pilates Studio\",\"description\":\"\",\"publisher\":{\"@id\":\"https:\/\/inhale.hu\/#organization\"},\"potentialAction\":[{\"@type\":\"SearchAction\",\"target\":{\"@type\":\"EntryPoint\",\"urlTemplate\":\"https:\/\/inhale.hu\/?s={search_term_string}\"},\"query-input\":\"required name=search_term_string\"}],\"inLanguage\":\"en-GB\"},{\"@type\":\"Organization\",\"@id\":\"https:\/\/inhale.hu\/#organization\",\"name\":\"Inhale Pilates Studio\",\"url\":\"https:\/\/inhale.hu\/\",\"logo\":{\"@type\":\"ImageObject\",\"inLanguage\":\"en-GB\",\"@id\":\"https:\/\/inhale.hu\/#\/schema\/logo\/image\/\",\"url\":\"https:\/\/inhale.hu\/wp-content\/uploads\/2023\/09\/Inhale_Logo_Walnut_Fin.svg\",\"contentUrl\":\"https:\/\/inhale.hu\/wp-content\/uploads\/2023\/09\/Inhale_Logo_Walnut_Fin.svg\",\"width\":623,\"height\":226,\"caption\":\"Inhale Pilates Studio\"},\"image\":{\"@id\":\"https:\/\/inhale.hu\/#\/schema\/logo\/image\/\"}}]}<\/script>\n<!-- \/ Yoast SEO plugin. -->","yoast_head_json":{"title":"\u00c1raink - Inhale Pilates Studio","robots":{"index":"index","follow":"follow","max-snippet":"max-snippet:-1","max-image-preview":"max-image-preview:large","max-video-preview":"max-video-preview:-1"},"canonical":"https:\/\/inhale.hu\/en\/araink\/","og_locale":"en_GB","og_type":"article","og_title":"\u00c1raink - Inhale Pilates Studio","og_description":"\u00c1raink Csoportos \u00f3r\u00e1k: 1 alkalom &#8211; 9.000 Ft5 alkalmas b\u00e9rlet &#8211; 42.000 Ft10 alkalmas b\u00e9rlet &#8211; 75.000 Ft Priv\u00e1t \u00f3r\u00e1k: 1 alkalom 1 f\u0151 eset\u00e9n &#8211; 30.000 Ft\/f\u01511 alkalom 2 f\u0151 eset\u00e9n &#8211; 18.000 Ft\/f\u01511 alkalom 3 f\u0151 eset\u00e9n &#8211; 15.000 Ft\/f\u0151 Aj\u00e1nd\u00e9kutalv\u00e1ny: K\u00e9rj\u00fck, \u00e9rdekl\u0151dj szem\u00e9lyesen a Studi\u00f3ban! Angol nyelv\u0171 \u00f3r\u00e1ink Wallner Anik\u00f3n\u00e1l el\u00e9rhet\u0151ek!","og_url":"https:\/\/inhale.hu\/en\/araink\/","og_site_name":"Inhale Pilates Studio","article_modified_time":"2024-01-20T10:13:02+00:00","twitter_card":"summary_large_image","twitter_misc":{"Estimated reading time":"1 minute"},"schema":{"@context":"https:\/\/schema.org","@graph":[{"@type":"WebPage","@id":"https:\/\/inhale.hu\/araink\/","url":"https:\/\/inhale.hu\/araink\/","name":"\u00c1raink - Inhale Pilates Studio","isPartOf":{"@id":"https:\/\/inhale.hu\/#website"},"datePublished":"2024-01-19T14:32:18+00:00","dateModified":"2024-01-20T10:13:02+00:00","breadcrumb":{"@id":"https:\/\/inhale.hu\/araink\/#breadcrumb"},"inLanguage":"en-GB","potentialAction":[{"@type":"ReadAction","target":["https:\/\/inhale.hu\/araink\/"]}]},{"@type":"BreadcrumbList","@id":"https:\/\/inhale.hu\/araink\/#breadcrumb","itemListElement":[{"@type":"ListItem","position":1,"name":"Home","item":"https:\/\/inhale.hu\/"},{"@type":"ListItem","position":2,"name":"\u00c1raink"}]},{"@type":"WebSite","@id":"https:\/\/inhale.hu\/#website","url":"https:\/\/inhale.hu\/","name":"Inhale Pilates Studio","description":"","publisher":{"@id":"https:\/\/inhale.hu\/#organization"},"potentialAction":[{"@type":"SearchAction","target":{"@type":"EntryPoint","urlTemplate":"https:\/\/inhale.hu\/?s={search_term_string}"},"query-input":"required name=search_term_string"}],"inLanguage":"en-GB"},{"@type":"Organization","@id":"https:\/\/inhale.hu\/#organization","name":"Inhale Pilates Studio","url":"https:\/\/inhale.hu\/","logo":{"@type":"ImageObject","inLanguage":"en-GB","@id":"https:\/\/inhale.hu\/#\/schema\/logo\/image\/","url":"https:\/\/inhale.hu\/wp-content\/uploads\/2023\/09\/Inhale_Logo_Walnut_Fin.svg","contentUrl":"https:\/\/inhale.hu\/wp-content\/uploads\/2023\/09\/Inhale_Logo_Walnut_Fin.svg","width":623,"height":226,"caption":"Inhale Pilates Studio"},"image":{"@id":"https:\/\/inhale.hu\/#\/schema\/logo\/image\/"}}]}},"_links":{"self":[{"href":"https:\/\/inhale.hu\/en\/wp-json\/wp\/v2\/pages\/399"}],"collection":[{"href":"https:\/\/inhale.hu\/en\/wp-json\/wp\/v2\/pages"}],"about":[{"href":"https:\/\/inhale.hu\/en\/wp-json\/wp\/v2\/types\/page"}],"author":[{"embeddable":true,"href":"https:\/\/inhale.hu\/en\/wp-json\/wp\/v2\/users\/2"}],"replies":[{"embeddable":true,"href":"https:\/\/inhale.hu\/en\/wp-json\/wp\/v2\/comments?post=399"}],"version-history":[{"count":14,"href":"https:\/\/inhale.hu\/en\/wp-json\/wp\/v2\/pages\/399\/revisions"}],"predecessor-version":[{"id":417,"href":"https:\/\/inhale.hu\/en\/wp-json\/wp\/v2\/pages\/399\/revisions\/417"}],"wp:attachment":[{"href":"https:\/\/inhale.hu\/en\/wp-json\/wp\/v2\/media?parent=399"}],"curies":[{"name":"wp","href":"https:\/\/api.w.org\/{rel}","templated":true}]}}